{"id":2579,"date":"2021-04-29T20:39:38","date_gmt":"2021-04-29T20:39:38","guid":{"rendered":"https:\/\/www.philippmalbec.ch\/cms\/?page_id=2579"},"modified":"2025-10-23T23:35:58","modified_gmt":"2025-10-23T23:35:58","slug":"impressum","status":"publish","type":"page","link":"https:\/\/www.philippmalbec.ch\/cms\/impressum\/","title":{"rendered":"Impressum"},"content":{"rendered":"<p>[vc_row][vc_column width=&#8221;1\/2&#8243;][vc_custom_heading heading_style=&#8221;heading_style_5&#8243; text=&#8221;Kontaktinformation&#8221; font_container=&#8221;tag:h2|text_align:left|color:%23000000&#8243;][vc_column_text][\/vc_column_text][vc_custom_heading text=&#8221;Philipp Malbec&#8221;]                        <div class=\"  \">\n                <div class=\"footer-contact-shortcode-wrapper style_1 \">\n    <div class=\"footer-contact-content\">\n        <ul class=\"contact-information\">\n                                <li><span class=\"far fa-envelope\"><\/span><a href=\"mailto:phil.malbec@bluewin.ch\" target=\"_blank\">phil.malbec@bluewin.ch<\/a><\/li>\n                                <li><span class=\"fas fa-globe\"><\/span><a href=\"https:\/\/www.philippmalbec.ch\">www.philippmalbec.ch<\/a><\/li>\n                    <\/ul>\n    <\/div>\n<\/div>            <\/div>\n                    [vc_column_text][\/vc_column_text][\/vc_column][vc_column width=&#8221;1\/2&#8243;][vc_custom_heading heading_style=&#8221;heading_style_5&#8243; text=&#8221;Urheberrechte &amp; Copyright&#8221; font_container=&#8221;tag:h2|text_align:left|color:%23000000&#8243;][vc_column_text][\/vc_column_text][vc_column_text]S\u00e4mtliche Inhalte dieser Website sind urheberrechtlich gesch\u00fctzt. Alle Rechte daran behaltet sich Philipp Malbec vor. Teile dieser Website k\u00f6nnen Bilder, Texte, Fotografien, Ton und Videos beinhalten, die dem Urheberrecht Dritter unterliegen. Informationen auf dieser Website, einschliesslich Texte, Bilder, Fotografien, Ton und Videos, d\u00fcrfen nicht ohne schriftliche Genehmigung von Philipp Malbec, sofern nicht ausdr\u00fccklich anders bestimmt, vervielf\u00e4ltigt, transferiert, vertrieben oder gespeichert werden. Modifikationen des Inhalts dieser Website sind ausdr\u00fccklich untersagt. Trotz sorgf\u00e4ltiger inhaltlicher Kontrolle \u00fcbernimmt Philipp Malbec keine Haftung f\u00fcr die Inhalte externer Links. F\u00fcr den Inhalt der verlinkten Seiten sind ausschliesslich deren Betreiber verantwortlich.[\/vc_column_text][\/vc_column][\/vc_row][vc_row][vc_column width=&#8221;1\/2&#8243;][vc_column_text][\/vc_column_text][\/vc_column][vc_column width=&#8221;1\/2&#8243;][\/vc_column][\/vc_row]<\/p>\n","protected":false},"excerpt":{"rendered":"<p>[vc_row][vc_column width=&#8221;1\/2&#8243;][vc_custom_heading heading_style=&#8221;heading_style_5&#8243; text=&#8221;Kontaktinformation&#8221; font_container=&#8221;tag:h2|text_align:left|color:%23000000&#8243;][vc_column_text][\/vc_column_text][vc_custom_heading text=&#8221;Philipp Malbec&#8221;][vc_column_text][\/vc_column_text][\/vc_column][vc_column width=&#8221;1\/2&#8243;][vc_custom_heading heading_style=&#8221;heading_style_5&#8243; text=&#8221;Urheberrechte &amp; Copyright&#8221; font_container=&#8221;tag:h2|text_align:left|color:%23000000&#8243;][vc_column_text][\/vc_column_text][vc_column_text]S\u00e4mtliche Inhalte dieser Website sind urheberrechtlich gesch\u00fctzt. Alle Rechte daran behaltet sich Philipp Malbec vor. Teile dieser Website k\u00f6nnen Bilder, Texte, Fotografien, Ton und Videos beinhalten, die dem Urheberrecht Dritter unterliegen. Informationen auf dieser Website, einschliesslich Texte, Bilder, Fotografien, Ton und Videos, d\u00fcrfen [&hellip;]<\/p>\n","protected":false},"author":2,"featured_media":0,"parent":0,"menu_order":0,"comment_status":"closed","ping_status":"closed","template":"","meta":{"footnotes":""},"class_list":["post-2579","page","type-page","status-publish","hentry","clearfix"],"yoast_head":"<!-- This site is optimized with the Yoast SEO plugin v16.2 - https:\/\/yoast.com\/wordpress\/plugins\/seo\/ -->\n<title>Philipp Malbec - Impressum<\/title>\n<meta name=\"description\" content=\"S\u00e4mtliche Inhalte dieser Website sind urheberrechtlich gesch\u00fctzt. Alle Rechte daran behaltet sich Philipp Malbec vor.\" \/>\n<meta name=\"robots\" content=\"index, follow, max-snippet:-1, max-image-preview:large, max-video-preview:-1\" \/>\n<link rel=\"canonical\" href=\"https:\/\/www.philippmalbec.ch\/cms\/impressum\/\" \/>\n<meta property=\"og:locale\" content=\"de_DE\" \/>\n<meta property=\"og:type\" content=\"article\" \/>\n<meta property=\"og:title\" content=\"Philipp Malbec - Impressum\" \/>\n<meta property=\"og:description\" content=\"S\u00e4mtliche Inhalte dieser Website sind urheberrechtlich gesch\u00fctzt. Alle Rechte daran behaltet sich Philipp Malbec vor.\" \/>\n<meta property=\"og:url\" content=\"https:\/\/www.philippmalbec.ch\/cms\/impressum\/\" \/>\n<meta property=\"og:site_name\" content=\"Philipp Malbec\" \/>\n<meta property=\"article:modified_time\" content=\"2025-10-23T23:35:58+00:00\" \/>\n<meta name=\"twitter:card\" content=\"summary_large_image\" \/>\n<meta name=\"twitter:label1\" content=\"Est. reading time\">\n\t<meta name=\"twitter:data1\" content=\"2 Minuten\">\n<script type=\"application\/ld+json\" class=\"yoast-schema-graph\">{\"@context\":\"https:\/\/schema.org\",\"@graph\":[{\"@type\":[\"Person\",\"Organization\"],\"@id\":\"https:\/\/www.philippmalbec.ch\/cms\/#\/schema\/person\/e2bf991fcb08e0c762a188f1a356bce3\",\"name\":\"Philipp Malbec\",\"image\":{\"@type\":\"ImageObject\",\"@id\":\"https:\/\/www.philippmalbec.ch\/cms\/#personlogo\",\"inLanguage\":\"de-CH\",\"url\":\"https:\/\/www.philippmalbec.ch\/cms\/wp-content\/uploads\/2021\/03\/avatar.jpg\",\"contentUrl\":\"https:\/\/www.philippmalbec.ch\/cms\/wp-content\/uploads\/2021\/03\/avatar.jpg\",\"caption\":\"Philipp Malbec\"},\"logo\":{\"@id\":\"https:\/\/www.philippmalbec.ch\/cms\/#personlogo\"},\"sameAs\":[\"https:\/\/philippmalbec.ch\"]},{\"@type\":\"WebSite\",\"@id\":\"https:\/\/www.philippmalbec.ch\/cms\/#website\",\"url\":\"https:\/\/www.philippmalbec.ch\/cms\/\",\"name\":\"Philipp Malbec\",\"description\":\"Schauspieler &amp; Sprecher\",\"publisher\":{\"@id\":\"https:\/\/www.philippmalbec.ch\/cms\/#\/schema\/person\/e2bf991fcb08e0c762a188f1a356bce3\"},\"potentialAction\":[{\"@type\":\"SearchAction\",\"target\":\"https:\/\/www.philippmalbec.ch\/cms\/?s={search_term_string}\",\"query-input\":\"required name=search_term_string\"}],\"inLanguage\":\"de-CH\"},{\"@type\":\"WebPage\",\"@id\":\"https:\/\/www.philippmalbec.ch\/cms\/impressum\/#webpage\",\"url\":\"https:\/\/www.philippmalbec.ch\/cms\/impressum\/\",\"name\":\"Philipp Malbec - Impressum\",\"isPartOf\":{\"@id\":\"https:\/\/www.philippmalbec.ch\/cms\/#website\"},\"datePublished\":\"2021-04-29T20:39:38+00:00\",\"dateModified\":\"2025-10-23T23:35:58+00:00\",\"description\":\"S\\u00e4mtliche Inhalte dieser Website sind urheberrechtlich gesch\\u00fctzt. Alle Rechte daran behaltet sich Philipp Malbec vor.\",\"breadcrumb\":{\"@id\":\"https:\/\/www.philippmalbec.ch\/cms\/impressum\/#breadcrumb\"},\"inLanguage\":\"de-CH\",\"potentialAction\":[{\"@type\":\"ReadAction\",\"target\":[\"https:\/\/www.philippmalbec.ch\/cms\/impressum\/\"]}]},{\"@type\":\"BreadcrumbList\",\"@id\":\"https:\/\/www.philippmalbec.ch\/cms\/impressum\/#breadcrumb\",\"itemListElement\":[{\"@type\":\"ListItem\",\"position\":1,\"item\":{\"@type\":\"WebPage\",\"@id\":\"https:\/\/www.philippmalbec.ch\/cms\/\",\"url\":\"https:\/\/www.philippmalbec.ch\/cms\/\",\"name\":\"Home\"}},{\"@type\":\"ListItem\",\"position\":2,\"item\":{\"@id\":\"https:\/\/www.philippmalbec.ch\/cms\/impressum\/#webpage\"}}]}]}<\/script>\n<!-- \/ Yoast SEO plugin. -->","_links":{"self":[{"href":"https:\/\/www.philippmalbec.ch\/cms\/wp-json\/wp\/v2\/pages\/2579","targetHints":{"allow":["GET"]}}],"collection":[{"href":"https:\/\/www.philippmalbec.ch\/cms\/wp-json\/wp\/v2\/pages"}],"about":[{"href":"https:\/\/www.philippmalbec.ch\/cms\/wp-json\/wp\/v2\/types\/page"}],"author":[{"embeddable":true,"href":"https:\/\/www.philippmalbec.ch\/cms\/wp-json\/wp\/v2\/users\/2"}],"replies":[{"embeddable":true,"href":"https:\/\/www.philippmalbec.ch\/cms\/wp-json\/wp\/v2\/comments?post=2579"}],"version-history":[{"count":28,"href":"https:\/\/www.philippmalbec.ch\/cms\/wp-json\/wp\/v2\/pages\/2579\/revisions"}],"predecessor-version":[{"id":3103,"href":"https:\/\/www.philippmalbec.ch\/cms\/wp-json\/wp\/v2\/pages\/2579\/revisions\/3103"}],"wp:attachment":[{"href":"https:\/\/www.philippmalbec.ch\/cms\/wp-json\/wp\/v2\/media?parent=2579"}],"curies":[{"name":"wp","href":"https:\/\/api.w.org\/{rel}","templated":true}]}}